{"id":13611,"date":"2020-04-13T22:21:39","date_gmt":"2020-04-13T22:21:39","guid":{"rendered":"https:\/\/hoiupesa.ee\/?page_id=13611"},"modified":"2024-06-02T11:07:09","modified_gmt":"2024-06-02T11:07:09","slug":"contacts","status":"publish","type":"page","link":"https:\/\/hoiupesa.ee\/ru\/contacts\/","title":{"rendered":"Contacts"},"content":{"rendered":"\t\t<div data-elementor-type=\"wp-page\" data-elementor-id=\"13611\" class=\"elementor elementor-13611\">\n\t\t\t\t\t\t<section class=\"elementor-section elementor-top-section elementor-element elementor-element-3724f34 elementor-section-boxed elementor-section-height-default elementor-section-height-default\" data-id=\"3724f34\" data-element_type=\"section\">\n\t\t\t\t\t\t<div class=\"elementor-container elementor-column-gap-no\">\n\t\t\t\t\t<div class=\"elementor-column elementor-col-100 elementor-top-column elementor-element elementor-element-9b8c152\" data-id=\"9b8c152\" data-element_type=\"column\">\n\t\t\t<div class=\"elementor-widget-wrap elementor-element-populated\">\n\t\t\t\t\t\t<div class=\"elementor-element elementor-element-e42573f lte-contacts-icons lte-icons-align-center elementor-widget elementor-widget-lte-icons\" data-id=\"e42573f\" data-element_type=\"widget\" data-widget_type=\"lte-icons.default\">\n\t\t\t\t<div class=\"elementor-widget-container\">\n\t\t\t\t\t<ul class=\"lte-block-icon has-descr icons-count-4 lte-icon-space-md lte-icon-shape-default lte-icon-background-disabled lte-icon-color-main lte-icon-divider-dashed lte-icon-size-medium lte-header-color-black lte-icon-type-top lte-icon-align-center layout-cols4 lte-additional-\"><li class=\" col-lg-3 col-md-3 col-sm-6 col-ms-6 col-xs-12\"><div   class=\"lte-inner\"><i aria-hidden=\"true\" class=\"icon icon-pin\"><\/i><span class=\"lte-icon-content\"> <span class=\"lte-header lte-h5\"> <b>\u0410\u0434\u0440\u0435\u0441<\/b> <\/span> <span class=\"lte-descr\">S\u00f5najala tee 1, J\u00e4rvek\u00fcla, 75304 Harju maakond<\/span><\/span><\/div><\/li><li class=\" col-lg-3 col-md-3 col-sm-6 col-ms-6 col-xs-12\"><a href=\"tel:+0056831621\"   class=\"lte-inner\"><i aria-hidden=\"true\" class=\"icon icon-telephone\"><\/i><span class=\"lte-icon-content\"> <span class=\"lte-header lte-h5\"> <b>\u0422\u0435\u043b\u0435\u0444\u043e\u043d<\/b> <\/span> <span class=\"lte-descr\">+372 56 831 621<\/span><\/span><\/a><\/li><li class=\" col-lg-3 col-md-3 col-sm-6 col-ms-6 col-xs-12\"><a href=\"mailto:info@hoiupesa.ee\"   class=\"lte-inner\"><i aria-hidden=\"true\" class=\"icon icon-email\"><\/i><span class=\"lte-icon-content\"> <span class=\"lte-header lte-h5\"> <b>Email<\/b> <\/span> <span class=\"lte-descr\">info@hoiupesa.ee<\/span><\/span><\/a><\/li><li class=\" col-lg-3 col-md-3 col-sm-6 col-ms-6 col-xs-12\"><div   class=\"lte-inner\"><i aria-hidden=\"true\" class=\"icon icon-wall-clock\"><\/i><span class=\"lte-icon-content\"> <span class=\"lte-header lte-h5\"> <b>\u0427\u0430\u0441\u044b \u0440\u0430\u0431\u043e\u0442\u044b<\/b> <\/span> <span class=\"lte-descr\">\u041f\u043e\u043d\u0435\u0434\u0435\u043b\u044c\u043d\u0438\u043a - \u041f\u044f\u0442\u043d\u0438\u0446\u0430<br \/>\n8:00  - 21:00 <\/span><\/span><\/div><\/li><\/ul>\t\t\t\t<\/div>\n\t\t\t\t<\/div>\n\t\t\t\t<div class=\"elementor-element elementor-element-16d0b91 elementor-widget elementor-widget-spacer\" data-id=\"16d0b91\" data-element_type=\"widget\" data-widget_type=\"spacer.default\">\n\t\t\t\t<div class=\"elementor-widget-container\">\n\t\t\t\t\t\t\t<div class=\"elementor-spacer\">\n\t\t\t<div class=\"elementor-spacer-inner\"><\/div>\n\t\t<\/div>\n\t\t\t\t\t\t<\/div>\n\t\t\t\t<\/div>\n\t\t\t\t\t<\/div>\n\t\t<\/div>\n\t\t\t\t\t<\/div>\n\t\t<\/section>\n\t\t\t\t<section class=\"elementor-section elementor-top-section elementor-element elementor-element-debaf82 elementor-section-full_width elementor-section-height-default elementor-section-height-default\" data-id=\"debaf82\" data-element_type=\"section\">\n\t\t\t\t\t\t<div class=\"elementor-container elementor-column-gap-no\">\n\t\t\t\t\t<div class=\"elementor-column elementor-col-100 elementor-top-column elementor-element elementor-element-2a47e91\" data-id=\"2a47e91\" data-element_type=\"column\">\n\t\t\t<div class=\"elementor-widget-wrap elementor-element-populated\">\n\t\t\t\t\t\t<div class=\"elementor-element elementor-element-199f94d elementor-widget elementor-widget-lte-googlemaps\" data-id=\"199f94d\" data-element_type=\"widget\" data-widget_type=\"lte-googlemaps.default\">\n\t\t\t\t<div class=\"elementor-widget-container\">\n\t\t\t\t\t<div id=\"lte-google-map-277040071\" data-marker=\"https:\/\/hoiupesa.ee\/wp-content\/themes\/booba\/assets\/images\/location.png\" class=\"lte-google-maps\" data-lng=\"24.8027435\"\t data-lat=\"59.382283\" data-zoom=\"10\" style=\"width: 100%; height: 600px;\"><\/div>\t\t\t\t<\/div>\n\t\t\t\t<\/div>\n\t\t\t\t\t<\/div>\n\t\t<\/div>\n\t\t\t\t\t<\/div>\n\t\t<\/section>\n\t\t\t\t<section class=\"elementor-section elementor-top-section elementor-element elementor-element-092bdc6 elementor-section-boxed elementor-section-height-default elementor-section-height-default\" data-id=\"092bdc6\" data-element_type=\"section\">\n\t\t\t\t\t\t<div class=\"elementor-container elementor-column-gap-default\">\n\t\t\t\t\t<div class=\"elementor-column elementor-col-100 elementor-top-column elementor-element elementor-element-88dc597\" data-id=\"88dc597\" data-element_type=\"column\">\n\t\t\t<div class=\"elementor-widget-wrap elementor-element-populated\">\n\t\t\t\t\t\t<div class=\"elementor-element elementor-element-abea02b elementor-widget elementor-widget-spacer\" data-id=\"abea02b\" data-element_type=\"widget\" data-widget_type=\"spacer.default\">\n\t\t\t\t<div class=\"elementor-widget-container\">\n\t\t\t\t\t\t\t<div class=\"elementor-spacer\">\n\t\t\t<div class=\"elementor-spacer-inner\"><\/div>\n\t\t<\/div>\n\t\t\t\t\t\t<\/div>\n\t\t\t\t<\/div>\n\t\t\t\t\t<\/div>\n\t\t<\/div>\n\t\t\t\t\t<\/div>\n\t\t<\/section>\n\t\t\t\t<section class=\"elementor-section elementor-top-section elementor-element elementor-element-0637fe6 elementor-section-boxed elementor-section-height-default elementor-section-height-default\" data-id=\"0637fe6\" data-element_type=\"section\" data-settings=\"{&quot;background_background&quot;:&quot;classic&quot;}\">\n\t\t\t\t\t\t<div class=\"elementor-container elementor-column-gap-default\">\n\t\t\t\t\t<div class=\"elementor-column elementor-col-100 elementor-top-column elementor-element elementor-element-5f5bad5 lte-background-gray\" data-id=\"5f5bad5\" data-element_type=\"column\">\n\t\t\t<div class=\"elementor-widget-wrap elementor-element-populated\">\n\t\t\t\t\t\t<div class=\"elementor-element elementor-element-ed10cfb elementor-widget elementor-widget-spacer\" data-id=\"ed10cfb\" data-element_type=\"widget\" data-widget_type=\"spacer.default\">\n\t\t\t\t<div class=\"elementor-widget-container\">\n\t\t\t\t\t\t\t<div class=\"elementor-spacer\">\n\t\t\t<div class=\"elementor-spacer-inner\"><\/div>\n\t\t<\/div>\n\t\t\t\t\t\t<\/div>\n\t\t\t\t<\/div>\n\t\t\t\t<div class=\"elementor-element elementor-element-c76a175 lte-heading-align-center elementor-widget elementor-widget-lte-header\" data-id=\"c76a175\" data-element_type=\"widget\" data-widget_type=\"lte-header.default\">\n\t\t\t\t<div class=\"elementor-widget-container\">\n\t\t\t\t\t<div class=\"lte-heading lte-style-default lte-subcolor-main heading-tag-h4 heading-subtag-h6\"><div class=\"lte-heading-content\"><h4 class=\"lte-header\">\u041e\u0431\u0440\u0430\u0442\u043d\u0430\u044f \u0441\u0432\u044f\u0437\u044c<\/h4><\/div><\/div>\t\t\t\t<\/div>\n\t\t\t\t<\/div>\n\t\t\t\t<div class=\"elementor-element elementor-element-89ff2b2 elementor-widget elementor-widget-text-editor\" data-id=\"89ff2b2\" data-element_type=\"widget\" data-widget_type=\"text-editor.default\">\n\t\t\t\t<div class=\"elementor-widget-container\">\n\t\t\t\t\t\t\t\t\t<p><span style=\"font-size: 14pt;\">\u041e\u0441\u0442\u0430\u0432\u044c\u0442\u0435 \u0432\u0430\u0448\u0438 \u043a\u043e\u043d\u0442\u0430\u043a\u0442\u044b \u0438 \u043c\u044b \u0441\u0432\u044f\u0436\u0435\u043c\u0441\u044f \u0441 \u0432\u0430\u043c\u0438.<\/span><\/p>\t\t\t\t\t\t\t\t<\/div>\n\t\t\t\t<\/div>\n\t\t\t\t<div class=\"elementor-element elementor-element-096b147 elementor-widget elementor-widget-shortcode\" data-id=\"096b147\" data-element_type=\"widget\" data-widget_type=\"shortcode.default\">\n\t\t\t\t<div class=\"elementor-widget-container\">\n\t\t\t\t\t\t\t<div class=\"elementor-shortcode\">\n<div class=\"wpcf7 no-js\" id=\"wpcf7-f20707-o1\" lang=\"en-US\" dir=\"ltr\" data-wpcf7-id=\"20707\">\n<div class=\"screen-reader-response\"><p role=\"status\" aria-live=\"polite\" aria-atomic=\"true\"><\/p> <ul><\/ul><\/div>\n<form action=\"\/ru\/wp-json\/wp\/v2\/pages\/13611#wpcf7-f20707-o1\" method=\"post\" class=\"wpcf7-form init\" aria-label=\"Contact form\" novalidate=\"novalidate\" data-status=\"init\">\n<fieldset class=\"hidden-fields-container\"><input type=\"hidden\" name=\"_wpcf7\" value=\"20707\" \/><input type=\"hidden\" name=\"_wpcf7_version\" value=\"6.1.2\" \/><input type=\"hidden\" name=\"_wpcf7_locale\" value=\"en_US\" \/><input type=\"hidden\" name=\"_wpcf7_unit_tag\" value=\"wpcf7-f20707-o1\" \/><input type=\"hidden\" name=\"_wpcf7_container_post\" value=\"0\" \/><input type=\"hidden\" name=\"_wpcf7_posted_data_hash\" value=\"\" \/>\n<\/fieldset>\n<div class=\"row\">\n\t<div class=\"col-lg-6 col-md-12 col-xs-12\">\n\t\t<p><span class=\"wpcf7-form-control-wrap\" data-name=\"field-name\"><input size=\"40\" maxlength=\"400\" class=\"wpcf7-form-control wpcf7-text wpcf7-validates-as-required\" aria-required=\"true\" aria-invalid=\"false\" placeholder=\"\u0412\u0430\u0448\u0435 \u0438\u043c\u044f\" value=\"\" type=\"text\" name=\"field-name\" \/><\/span>\n\t\t<\/p>\n\t<\/div>\n\t<div class=\"col-lg-6 col-md-12 col-xs-12\">\n\t\t<p><span class=\"wpcf7-form-control-wrap\" data-name=\"field-email\"><input size=\"40\" maxlength=\"400\" class=\"wpcf7-form-control wpcf7-text wpcf7-validates-as-required\" aria-required=\"true\" aria-invalid=\"false\" placeholder=\"Email\" value=\"\" type=\"text\" name=\"field-email\" \/><\/span>\n\t\t<\/p>\n\t<\/div>\n\t<div class=\"col-lg-12 col-md-12 col-xs-12\">\n\t\t<p><span class=\"wpcf7-form-control-wrap\" data-name=\"tel-634\"><input size=\"40\" maxlength=\"400\" class=\"wpcf7-form-control wpcf7-tel wpcf7-text wpcf7-validates-as-tel\" aria-invalid=\"false\" placeholder=\"\u0422\u0435\u043b\u0435\u0444\u043e\u043d\" value=\"\" type=\"tel\" name=\"tel-634\" \/><\/span>\n\t\t<\/p>\n\t<\/div>\n\t<div class=\"col-lg-12 col-md-12 col-xs-12\">\n\t\t<p><span class=\"wpcf7-form-control-wrap\" data-name=\"field-message\"><textarea cols=\"40\" rows=\"10\" maxlength=\"2000\" class=\"wpcf7-form-control wpcf7-textarea\" aria-invalid=\"false\" placeholder=\"\u0421\u043e\u043e\u0431\u0449\u0435\u043d\u0438\u0435\" name=\"field-message\"><\/textarea><\/span>\n\t\t<\/p>\n\t<\/div>\n<\/div>\n<p><input class=\"wpcf7-form-control wpcf7-submit has-spinner\" type=\"submit\" value=\"\u041e\u0442\u043f\u0440\u0430\u0432\u0438\u0442\u044c\" \/>\n<\/p><div class=\"wpcf7-response-output\" aria-hidden=\"true\"><\/div>\n<\/form>\n<\/div>\n<\/div>\n\t\t\t\t\t\t<\/div>\n\t\t\t\t<\/div>\n\t\t\t\t<div class=\"elementor-element elementor-element-8bd9bb5 elementor-widget elementor-widget-spacer\" data-id=\"8bd9bb5\" data-element_type=\"widget\" data-widget_type=\"spacer.default\">\n\t\t\t\t<div class=\"elementor-widget-container\">\n\t\t\t\t\t\t\t<div class=\"elementor-spacer\">\n\t\t\t<div class=\"elementor-spacer-inner\"><\/div>\n\t\t<\/div>\n\t\t\t\t\t\t<\/div>\n\t\t\t\t<\/div>\n\t\t\t\t\t<\/div>\n\t\t<\/div>\n\t\t\t\t\t<\/div>\n\t\t<\/section>\n\t\t\t\t<\/div>\n\t\t","protected":false},"excerpt":{"rendered":"<p>\u0410\u0434\u0440\u0435\u0441 S\u00f5najala tee 1, J\u00e4rvek\u00fcla, 75304 Harju maakond \u0422\u0435\u043b\u0435\u0444\u043e\u043d +372 56 831 621 Email info@hoiupesa.ee \u0427\u0430\u0441\u044b \u0440\u0430\u0431\u043e\u0442\u044b \u041f\u043e\u043d\u0435\u0434\u0435\u043b\u044c\u043d\u0438\u043a &#8212; \u041f\u044f\u0442\u043d\u0438\u0446\u0430 8:00 &#8212; 21:00 \u041e\u0431\u0440\u0430\u0442\u043d\u0430\u044f \u0441\u0432\u044f\u0437\u044c \u041e\u0441\u0442\u0430\u0432\u044c\u0442\u0435 \u0432\u0430\u0448\u0438 \u043a\u043e\u043d\u0442\u0430\u043a\u0442\u044b \u0438 \u043c\u044b \u0441\u0432\u044f\u0436\u0435\u043c\u0441\u044f \u0441 \u0432\u0430\u043c\u0438.<\/p>\n","protected":false},"author":1,"featured_media":0,"parent":0,"menu_order":0,"comment_status":"closed","ping_status":"closed","template":"page-templates\/full-width.php","meta":{"_monsterinsights_skip_tracking":false,"_monsterinsights_sitenote_active":false,"_monsterinsights_sitenote_note":"","_monsterinsights_sitenote_category":0,"footnotes":""},"class_list":["post-13611","page","type-page","status-publish","hentry"],"yoast_head":"<!-- This site is optimized with the Yoast SEO plugin v25.1 - https:\/\/yoast.com\/wordpress\/plugins\/seo\/ -->\n<title>Contacts - Hoiupesa.ee<\/title>\n<meta name=\"robots\" content=\"index, follow, max-snippet:-1, max-image-preview:large, max-video-preview:-1\" \/>\n<link rel=\"canonical\" href=\"https:\/\/hoiupesa.ee\/kontakt\/\" \/>\n<meta property=\"og:locale\" content=\"ru_RU\" \/>\n<meta property=\"og:type\" content=\"article\" \/>\n<meta property=\"og:title\" content=\"Contacts - Hoiupesa.ee\" \/>\n<meta property=\"og:description\" content=\"\u0410\u0434\u0440\u0435\u0441 S\u00f5najala tee 1, J\u00e4rvek\u00fcla, 75304 Harju maakond \u0422\u0435\u043b\u0435\u0444\u043e\u043d +372 56 831 621 Email info@hoiupesa.ee \u0427\u0430\u0441\u044b \u0440\u0430\u0431\u043e\u0442\u044b \u041f\u043e\u043d\u0435\u0434\u0435\u043b\u044c\u043d\u0438\u043a &#8212; \u041f\u044f\u0442\u043d\u0438\u0446\u0430 8:00 &#8212; 21:00 \u041e\u0431\u0440\u0430\u0442\u043d\u0430\u044f \u0441\u0432\u044f\u0437\u044c \u041e\u0441\u0442\u0430\u0432\u044c\u0442\u0435 \u0432\u0430\u0448\u0438 \u043a\u043e\u043d\u0442\u0430\u043a\u0442\u044b \u0438 \u043c\u044b \u0441\u0432\u044f\u0436\u0435\u043c\u0441\u044f \u0441 \u0432\u0430\u043c\u0438.\" \/>\n<meta property=\"og:url\" content=\"https:\/\/hoiupesa.ee\/kontakt\/\" \/>\n<meta property=\"og:site_name\" content=\"Hoiupesa.ee\" \/>\n<meta property=\"article:publisher\" content=\"https:\/\/www.facebook.com\/profile.php?id=61560188842083\" \/>\n<meta property=\"article:modified_time\" content=\"2024-06-02T11:07:09+00:00\" \/>\n<meta name=\"twitter:card\" content=\"summary_large_image\" \/>\n<meta name=\"twitter:label1\" content=\"\u041f\u0440\u0438\u043c\u0435\u0440\u043d\u043e\u0435 \u0432\u0440\u0435\u043c\u044f \u0434\u043b\u044f \u0447\u0442\u0435\u043d\u0438\u044f\" \/>\n\t<meta name=\"twitter:data1\" content=\"12 \u043c\u0438\u043d\u0443\u0442\" \/>\n<script type=\"application\/ld+json\" class=\"yoast-schema-graph\">{\"@context\":\"https:\/\/schema.org\",\"@graph\":[{\"@type\":\"WebPage\",\"@id\":\"https:\/\/hoiupesa.ee\/kontakt\/\",\"url\":\"https:\/\/hoiupesa.ee\/kontakt\/\",\"name\":\"Contacts - Hoiupesa.ee\",\"isPartOf\":{\"@id\":\"https:\/\/hoiupesa.ee\/#website\"},\"datePublished\":\"2020-04-13T22:21:39+00:00\",\"dateModified\":\"2024-06-02T11:07:09+00:00\",\"breadcrumb\":{\"@id\":\"https:\/\/hoiupesa.ee\/kontakt\/#breadcrumb\"},\"inLanguage\":\"ru-RU\",\"potentialAction\":[{\"@type\":\"ReadAction\",\"target\":[\"https:\/\/hoiupesa.ee\/kontakt\/\"]}]},{\"@type\":\"BreadcrumbList\",\"@id\":\"https:\/\/hoiupesa.ee\/kontakt\/#breadcrumb\",\"itemListElement\":[{\"@type\":\"ListItem\",\"position\":1,\"name\":\"Home\",\"item\":\"https:\/\/hoiupesa.ee\/\"},{\"@type\":\"ListItem\",\"position\":2,\"name\":\"Contacts\"}]},{\"@type\":\"WebSite\",\"@id\":\"https:\/\/hoiupesa.ee\/#website\",\"url\":\"https:\/\/hoiupesa.ee\/\",\"name\":\"Hoiupesa.ee - Lastehoid Rae Vallas\",\"description\":\"\",\"publisher\":{\"@id\":\"https:\/\/hoiupesa.ee\/#organization\"},\"potentialAction\":[{\"@type\":\"SearchAction\",\"target\":{\"@type\":\"EntryPoint\",\"urlTemplate\":\"https:\/\/hoiupesa.ee\/?s={search_term_string}\"},\"query-input\":{\"@type\":\"PropertyValueSpecification\",\"valueRequired\":true,\"valueName\":\"search_term_string\"}}],\"inLanguage\":\"ru-RU\"},{\"@type\":\"Organization\",\"@id\":\"https:\/\/hoiupesa.ee\/#organization\",\"name\":\"Hoiupesa.ee\",\"url\":\"https:\/\/hoiupesa.ee\/\",\"logo\":{\"@type\":\"ImageObject\",\"inLanguage\":\"ru-RU\",\"@id\":\"https:\/\/hoiupesa.ee\/#\/schema\/logo\/image\/\",\"url\":\"https:\/\/hoiupesa.ee\/wp-content\/uploads\/2024\/03\/logo-mn.png\",\"contentUrl\":\"https:\/\/hoiupesa.ee\/wp-content\/uploads\/2024\/03\/logo-mn.png\",\"width\":613,\"height\":132,\"caption\":\"Hoiupesa.ee\"},\"image\":{\"@id\":\"https:\/\/hoiupesa.ee\/#\/schema\/logo\/image\/\"},\"sameAs\":[\"https:\/\/www.facebook.com\/profile.php?id=61560188842083\"]}]}<\/script>\n<!-- \/ Yoast SEO plugin. -->","yoast_head_json":{"title":"Contacts - Hoiupesa.ee","robots":{"index":"index","follow":"follow","max-snippet":"max-snippet:-1","max-image-preview":"max-image-preview:large","max-video-preview":"max-video-preview:-1"},"canonical":"https:\/\/hoiupesa.ee\/kontakt\/","og_locale":"ru_RU","og_type":"article","og_title":"Contacts - Hoiupesa.ee","og_description":"\u0410\u0434\u0440\u0435\u0441 S\u00f5najala tee 1, J\u00e4rvek\u00fcla, 75304 Harju maakond \u0422\u0435\u043b\u0435\u0444\u043e\u043d +372 56 831 621 Email info@hoiupesa.ee \u0427\u0430\u0441\u044b \u0440\u0430\u0431\u043e\u0442\u044b \u041f\u043e\u043d\u0435\u0434\u0435\u043b\u044c\u043d\u0438\u043a &#8212; \u041f\u044f\u0442\u043d\u0438\u0446\u0430 8:00 &#8212; 21:00 \u041e\u0431\u0440\u0430\u0442\u043d\u0430\u044f \u0441\u0432\u044f\u0437\u044c \u041e\u0441\u0442\u0430\u0432\u044c\u0442\u0435 \u0432\u0430\u0448\u0438 \u043a\u043e\u043d\u0442\u0430\u043a\u0442\u044b \u0438 \u043c\u044b \u0441\u0432\u044f\u0436\u0435\u043c\u0441\u044f \u0441 \u0432\u0430\u043c\u0438.","og_url":"https:\/\/hoiupesa.ee\/kontakt\/","og_site_name":"Hoiupesa.ee","article_publisher":"https:\/\/www.facebook.com\/profile.php?id=61560188842083","article_modified_time":"2024-06-02T11:07:09+00:00","twitter_card":"summary_large_image","twitter_misc":{"\u041f\u0440\u0438\u043c\u0435\u0440\u043d\u043e\u0435 \u0432\u0440\u0435\u043c\u044f \u0434\u043b\u044f \u0447\u0442\u0435\u043d\u0438\u044f":"12 \u043c\u0438\u043d\u0443\u0442"},"schema":{"@context":"https:\/\/schema.org","@graph":[{"@type":"WebPage","@id":"https:\/\/hoiupesa.ee\/kontakt\/","url":"https:\/\/hoiupesa.ee\/kontakt\/","name":"Contacts - Hoiupesa.ee","isPartOf":{"@id":"https:\/\/hoiupesa.ee\/#website"},"datePublished":"2020-04-13T22:21:39+00:00","dateModified":"2024-06-02T11:07:09+00:00","breadcrumb":{"@id":"https:\/\/hoiupesa.ee\/kontakt\/#breadcrumb"},"inLanguage":"ru-RU","potentialAction":[{"@type":"ReadAction","target":["https:\/\/hoiupesa.ee\/kontakt\/"]}]},{"@type":"BreadcrumbList","@id":"https:\/\/hoiupesa.ee\/kontakt\/#breadcrumb","itemListElement":[{"@type":"ListItem","position":1,"name":"Home","item":"https:\/\/hoiupesa.ee\/"},{"@type":"ListItem","position":2,"name":"Contacts"}]},{"@type":"WebSite","@id":"https:\/\/hoiupesa.ee\/#website","url":"https:\/\/hoiupesa.ee\/","name":"Hoiupesa.ee - Lastehoid Rae Vallas","description":"","publisher":{"@id":"https:\/\/hoiupesa.ee\/#organization"},"potentialAction":[{"@type":"SearchAction","target":{"@type":"EntryPoint","urlTemplate":"https:\/\/hoiupesa.ee\/?s={search_term_string}"},"query-input":{"@type":"PropertyValueSpecification","valueRequired":true,"valueName":"search_term_string"}}],"inLanguage":"ru-RU"},{"@type":"Organization","@id":"https:\/\/hoiupesa.ee\/#organization","name":"Hoiupesa.ee","url":"https:\/\/hoiupesa.ee\/","logo":{"@type":"ImageObject","inLanguage":"ru-RU","@id":"https:\/\/hoiupesa.ee\/#\/schema\/logo\/image\/","url":"https:\/\/hoiupesa.ee\/wp-content\/uploads\/2024\/03\/logo-mn.png","contentUrl":"https:\/\/hoiupesa.ee\/wp-content\/uploads\/2024\/03\/logo-mn.png","width":613,"height":132,"caption":"Hoiupesa.ee"},"image":{"@id":"https:\/\/hoiupesa.ee\/#\/schema\/logo\/image\/"},"sameAs":["https:\/\/www.facebook.com\/profile.php?id=61560188842083"]}]}},"_links":{"self":[{"href":"https:\/\/hoiupesa.ee\/ru\/wp-json\/wp\/v2\/pages\/13611","targetHints":{"allow":["GET"]}}],"collection":[{"href":"https:\/\/hoiupesa.ee\/ru\/wp-json\/wp\/v2\/pages"}],"about":[{"href":"https:\/\/hoiupesa.ee\/ru\/wp-json\/wp\/v2\/types\/page"}],"author":[{"embeddable":true,"href":"https:\/\/hoiupesa.ee\/ru\/wp-json\/wp\/v2\/users\/1"}],"replies":[{"embeddable":true,"href":"https:\/\/hoiupesa.ee\/ru\/wp-json\/wp\/v2\/comments?post=13611"}],"version-history":[{"count":28,"href":"https:\/\/hoiupesa.ee\/ru\/wp-json\/wp\/v2\/pages\/13611\/revisions"}],"predecessor-version":[{"id":36001,"href":"https:\/\/hoiupesa.ee\/ru\/wp-json\/wp\/v2\/pages\/13611\/revisions\/36001"}],"wp:attachment":[{"href":"https:\/\/hoiupesa.ee\/ru\/wp-json\/wp\/v2\/media?parent=13611"}],"curies":[{"name":"wp","href":"https:\/\/api.w.org\/{rel}","templated":true}]}}